{"id":227914,"date":"2023-06-19T12:19:32","date_gmt":"2023-06-19T09:19:32","guid":{"rendered":"https:\/\/yomser.com\/urun\/250cc-dondurma-kabi-seffaf\/"},"modified":"2025-06-26T09:26:34","modified_gmt":"2025-06-26T06:26:34","slug":"250cc-dondurma-kabi-seffaf","status":"publish","type":"product","link":"https:\/\/yomser.com\/en\/product\/250cc-dondurma-kabi-seffaf\/","title":{"rendered":"250 CC Ice Cream Bowl Clear"},"content":{"rendered":"<p>Hacim:250cc<\/p>\n<p>Boyut(mm):95x55x50<\/p>\n<p>Ham Madde:PP<\/p>\n<p>Po\u015fet \u0130\u00e7i Miktar(Ad):50<\/p>\n<p>Koli \u0130\u00e7i Miktar(Ad):1600<\/p>\n<p>Koli \u00d6l\u00e7\u00fcleri(mm):385X385X455<\/p>\n","protected":false},"excerpt":{"rendered":"<p>Hacim:250cc Boyut(mm):95x55x50 Ham Madde:PP Po\u015fet \u0130\u00e7i Miktar(Ad):50 Koli \u0130\u00e7i Miktar(Ad):1600 Koli \u00d6l\u00e7\u00fcleri(mm):385X385X455<\/p>\n","protected":false},"featured_media":227622,"comment_status":"closed","ping_status":"closed","template":"","meta":{"_uag_custom_page_level_css":"","site-sidebar-layout":"default","site-content-layout":"default","ast-site-content-layout":"default","site-content-style":"default","site-sidebar-style":"default","ast-global-header-display":"","ast-banner-title-visibility":"","ast-main-header-display":"","ast-hfb-above-header-display":"","ast-hfb-below-header-display":"","ast-hfb-mobile-header-display":"","site-post-title":"","ast-breadcrumbs-content":"","ast-featured-img":"","footer-sml-layout":"","ast-disable-related-posts":"","theme-transparent-header-meta":"default","adv-header-id-meta":"","stick-header-meta":"default","header-above-stick-meta":"","header-main-stick-meta":"","header-below-stick-meta":"","astra-migrate-meta-layouts":"default","ast-page-background-enabled":"default","ast-page-background-meta":{"desktop":{"background-color":"","background-image":"","background-repeat":"repeat","background-position":"center center","background-size":"auto","background-attachment":"scroll","background-type":"","background-media":"","overlay-type":"","overlay-color":"","overlay-opacity":"","overlay-gradient":""},"tablet":{"background-color":"","background-image":"","background-repeat":"repeat","background-position":"center center","background-size":"auto","background-attachment":"scroll","background-type":"","background-media":"","overlay-type":"","overlay-color":"","overlay-opacity":"","overlay-gradient":""},"mobile":{"background-color":"","background-image":"","background-repeat":"repeat","background-position":"center center","background-size":"auto","background-attachment":"scroll","background-type":"","background-media":"","overlay-type":"","overlay-color":"","overlay-opacity":"","overlay-gradient":""}},"ast-content-background-meta":{"desktop":{"background-color":"var(--ast-global-color-5)","background-image":"","background-repeat":"repeat","background-position":"center center","background-size":"auto","background-attachment":"scroll","background-type":"","background-media":"","overlay-type":"","overlay-color":"","overlay-opacity":"","overlay-gradient":""},"tablet":{"background-color":"var(--ast-global-color-5)","background-image":"","background-repeat":"repeat","background-position":"center center","background-size":"auto","background-attachment":"scroll","background-type":"","background-media":"","overlay-type":"","overlay-color":"","overlay-opacity":"","overlay-gradient":""},"mobile":{"background-color":"var(--ast-global-color-5)","background-image":"","background-repeat":"repeat","background-position":"center center","background-size":"auto","background-attachment":"scroll","background-type":"","background-media":"","overlay-type":"","overlay-color":"","overlay-opacity":"","overlay-gradient":""}}},"product_brand":[],"product_cat":[147],"product_tag":[],"class_list":{"0":"post-227914","1":"product","2":"type-product","3":"status-publish","4":"has-post-thumbnail","6":"product_cat-plates","7":"desktop-align-left","8":"tablet-align-left","9":"mobile-align-left","10":"ast-product-gallery-layout-horizontal-slider","11":"ast-product-gallery-with-no-image","12":"ast-product-tabs-layout-horizontal","14":"first","15":"instock","16":"shipping-taxable","17":"product-type-simple"},"uagb_featured_image_src":{"full":["https:\/\/yomser.com\/wp-content\/uploads\/2023\/06\/ydk-jpg.webp",600,401,false],"thumbnail":["https:\/\/yomser.com\/wp-content\/uploads\/2023\/06\/ydk-150x150.webp",150,150,true],"medium":["https:\/\/yomser.com\/wp-content\/uploads\/2023\/06\/ydk-300x201.webp",300,201,true],"medium_large":["https:\/\/yomser.com\/wp-content\/uploads\/2023\/06\/ydk-jpg.webp",600,401,false],"large":["https:\/\/yomser.com\/wp-content\/uploads\/2023\/06\/ydk-jpg.webp",600,401,false],"1536x1536":["https:\/\/yomser.com\/wp-content\/uploads\/2023\/06\/ydk-jpg.webp",600,401,false],"2048x2048":["https:\/\/yomser.com\/wp-content\/uploads\/2023\/06\/ydk-jpg.webp",600,401,false],"woocommerce_thumbnail":["https:\/\/yomser.com\/wp-content\/uploads\/2023\/06\/ydk-jpg.webp",600,401,false],"woocommerce_single":["https:\/\/yomser.com\/wp-content\/uploads\/2023\/06\/ydk-jpg.webp",600,401,false],"woocommerce_gallery_thumbnail":["https:\/\/yomser.com\/wp-content\/uploads\/2023\/06\/ydk-100x100.webp",100,100,true]},"uagb_author_info":{"display_name":"Y\u00f6mser","author_link":"https:\/\/yomser.com\/en\/author\/"},"uagb_comment_info":0,"uagb_excerpt":"Hacim:250cc Boyut(mm):95x55x50 Ham Madde:PP Po\u015fet \u0130\u00e7i Miktar(Ad):50 Koli \u0130\u00e7i Miktar(Ad):1600 Koli \u00d6l\u00e7\u00fcleri(mm):385X385X455","_links":{"self":[{"href":"https:\/\/yomser.com\/en\/wp-json\/wp\/v2\/product\/227914","targetHints":{"allow":["GET"]}}],"collection":[{"href":"https:\/\/yomser.com\/en\/wp-json\/wp\/v2\/product"}],"about":[{"href":"https:\/\/yomser.com\/en\/wp-json\/wp\/v2\/types\/product"}],"replies":[{"embeddable":true,"href":"https:\/\/yomser.com\/en\/wp-json\/wp\/v2\/comments?post=227914"}],"wp:featuredmedia":[{"embeddable":true,"href":"https:\/\/yomser.com\/en\/wp-json\/wp\/v2\/media\/227622"}],"wp:attachment":[{"href":"https:\/\/yomser.com\/en\/wp-json\/wp\/v2\/media?parent=227914"}],"wp:term":[{"taxonomy":"product_brand","embeddable":true,"href":"https:\/\/yomser.com\/en\/wp-json\/wp\/v2\/product_brand?post=227914"},{"taxonomy":"product_cat","embeddable":true,"href":"https:\/\/yomser.com\/en\/wp-json\/wp\/v2\/product_cat?post=227914"},{"taxonomy":"product_tag","embeddable":true,"href":"https:\/\/yomser.com\/en\/wp-json\/wp\/v2\/product_tag?post=227914"}],"curies":[{"name":"wp","href":"https:\/\/api.w.org\/{rel}","templated":true}]}}